{"id":605,"date":"2017-10-10T19:50:52","date_gmt":"2017-10-10T17:50:52","guid":{"rendered":"http:\/\/alholmen.nu\/wp\/?page_id=605"},"modified":"2025-02-16T21:27:25","modified_gmt":"2025-02-16T20:27:25","slug":"rojledarkarta","status":"publish","type":"page","link":"https:\/\/alholmen.nu\/wp\/alholmens-tomtag-for\/rojledarkarta\/","title":{"rendered":"R\u00f6jning"},"content":{"rendered":"<p>R\u00f6jning sker p\u00e5 nytt s\u00e4tt, i projektform med projektledare, och omfattar sk\u00f6tsel av<br \/>\nallm\u00e4nningar och fast egendom. Projekten kan vara eng\u00e5ngs, flerg\u00e5ngs eller fortl\u00f6pande<br \/>\narbeten. Exempel p\u00e5 projekt kan vara att bygga grillplatser, fixa p\u00e5 s\u00f6dra\/norra bryggan, g\u00f6ra<br \/>\nnaturgynsamma insatser, r\u00f6jning av sly resp. f\u00e4llning\/ringbarkning av tr\u00e4d, grusa stigar etc.<br \/>\nTidigare r\u00f6jledare v\u00e4lkomnas som projektledare.<\/p>\n<p>Sedvanlig <strong>h\u00f6str\u00f6jning<\/strong> i september. Frivilliga extra r\u00f6jningar kommer ocks\u00e5 att ske. Datum<br \/>\nf\u00f6r h\u00f6str\u00f6jning och extra r\u00f6jning annonseras p\u00e5 hemsidan.<\/p>\n<p>Medlemmar uppmuntras <strong>f\u00f6resl\u00e5 och\u00a0anm\u00e4la intresse<\/strong> till projektledare f\u00f6r att delta i projekt.<\/p>\n<p>Om arbete skett utanf\u00f6r de organiserade tillf\u00e4llena, h\u00f6r av er till \u00f6fogde Charlotte de Besche p\u00e5 <a href=\"debesche@gmail.com\">mail<\/a> eller telefon f\u00f6r att f\u00f6rslaget ska bli godk\u00e4nt, samt bli avbockade efter utf\u00f6rt arbete f\u00f6r att f\u00e5 tillbaka p\u00e5 arbetsavgiften.<\/p>\n<p>&nbsp;<\/p>\n","protected":false},"excerpt":{"rendered":"<p>R\u00f6jning sker p\u00e5 nytt s\u00e4tt, i projektform med projektledare, och omfattar sk\u00f6tsel av allm\u00e4nningar och fast egendom. Projekten kan vara eng\u00e5ngs, flerg\u00e5ngs eller fortl\u00f6pande arbeten. Exempel p\u00e5 projekt kan vara att bygga grillplatser, fixa p\u00e5 s\u00f6dra\/norra bryggan, g\u00f6ra naturgynsamma insatser, r\u00f6jning av sly resp. f\u00e4llning\/ringbarkning av tr\u00e4d, grusa stigar etc. Tidigare r\u00f6jledare v\u00e4lkomnas som projektledare. &hellip; <\/p>\n<p><a class=\"more-link btn\" href=\"https:\/\/alholmen.nu\/wp\/alholmens-tomtag-for\/rojledarkarta\/\">Forts\u00e4tt l\u00e4sa &raquo;<\/a><\/p>\n","protected":false},"author":3,"featured_media":0,"parent":130,"menu_order":0,"comment_status":"closed","ping_status":"closed","template":"","meta":[],"_links":{"self":[{"href":"https:\/\/alholmen.nu\/wp\/wp-json\/wp\/v2\/pages\/605"}],"collection":[{"href":"https:\/\/alholmen.nu\/wp\/wp-json\/wp\/v2\/pages"}],"about":[{"href":"https:\/\/alholmen.nu\/wp\/wp-json\/wp\/v2\/types\/page"}],"author":[{"embeddable":true,"href":"https:\/\/alholmen.nu\/wp\/wp-json\/wp\/v2\/users\/3"}],"replies":[{"embeddable":true,"href":"https:\/\/alholmen.nu\/wp\/wp-json\/wp\/v2\/comments?post=605"}],"version-history":[{"count":6,"href":"https:\/\/alholmen.nu\/wp\/wp-json\/wp\/v2\/pages\/605\/revisions"}],"predecessor-version":[{"id":1973,"href":"https:\/\/alholmen.nu\/wp\/wp-json\/wp\/v2\/pages\/605\/revisions\/1973"}],"up":[{"embeddable":true,"href":"https:\/\/alholmen.nu\/wp\/wp-json\/wp\/v2\/pages\/130"}],"wp:attachment":[{"href":"https:\/\/alholmen.nu\/wp\/wp-json\/wp\/v2\/media?parent=605"}],"curies":[{"name":"wp","href":"https:\/\/api.w.org\/{rel}","templated":true}]}}