{"id":1066,"date":"2019-08-24T12:06:27","date_gmt":"2019-08-24T10:06:27","guid":{"rendered":"http:\/\/alholmen.nu\/wp\/?page_id=1066"},"modified":"2019-08-24T12:06:27","modified_gmt":"2019-08-24T10:06:27","slug":"vastra-vattenforeningen-protokoll-arsmote-2019","status":"publish","type":"page","link":"https:\/\/alholmen.nu\/wp\/vastra-vattenfor\/vastra-vattenforeningen-protokoll-arsmote-2019\/","title":{"rendered":"V\u00e4stra vattenf\u00f6reningen protokoll \u00e5rsm\u00f6te 2019"},"content":{"rendered":"<p><a href=\"http:\/\/alholmen.nu\/wp\/http:\/\/alholmen.nu\/wp\/http:\/\/alholmen.nu\/wp\/wp-content\/uploads\/2019\/08\/Protokoll-fr-\u00e5rsm\u00f6te-2019-07-27-udertecknat.pdf\">Protokoll fr \u00e5rsm\u00f6te 2019-07-27 udertecknat<\/a><\/p>\n","protected":false},"excerpt":{"rendered":"<p>Protokoll fr \u00e5rsm\u00f6te 2019-07-27 udertecknat<\/p>\n","protected":false},"author":6,"featured_media":0,"parent":1021,"menu_order":0,"comment_status":"closed","ping_status":"closed","template":"","meta":[],"_links":{"self":[{"href":"https:\/\/alholmen.nu\/wp\/wp-json\/wp\/v2\/pages\/1066"}],"collection":[{"href":"https:\/\/alholmen.nu\/wp\/wp-json\/wp\/v2\/pages"}],"about":[{"href":"https:\/\/alholmen.nu\/wp\/wp-json\/wp\/v2\/types\/page"}],"author":[{"embeddable":true,"href":"https:\/\/alholmen.nu\/wp\/wp-json\/wp\/v2\/users\/6"}],"replies":[{"embeddable":true,"href":"https:\/\/alholmen.nu\/wp\/wp-json\/wp\/v2\/comments?post=1066"}],"version-history":[{"count":1,"href":"https:\/\/alholmen.nu\/wp\/wp-json\/wp\/v2\/pages\/1066\/revisions"}],"predecessor-version":[{"id":1067,"href":"https:\/\/alholmen.nu\/wp\/wp-json\/wp\/v2\/pages\/1066\/revisions\/1067"}],"up":[{"embeddable":true,"href":"https:\/\/alholmen.nu\/wp\/wp-json\/wp\/v2\/pages\/1021"}],"wp:attachment":[{"href":"https:\/\/alholmen.nu\/wp\/wp-json\/wp\/v2\/media?parent=1066"}],"curies":[{"name":"wp","href":"https:\/\/api.w.org\/{rel}","templated":true}]}}